{"id":472,"date":"2022-06-05T15:45:31","date_gmt":"2022-06-05T20:45:31","guid":{"rendered":"http:\/\/iedmariainmaculada.edu.co\/?page_id=472"},"modified":"2022-06-05T16:25:11","modified_gmt":"2022-06-05T21:25:11","slug":"inicio","status":"publish","type":"page","link":"https:\/\/iedmariainmaculada.edu.co\/?page_id=472","title":{"rendered":"MISION"},"content":{"rendered":"<p>[vc_row css_animation=&#8221;&#8221; row_type=&#8221;row&#8221; use_row_as_full_screen_section=&#8221;no&#8221; type=&#8221;full_width&#8221; angled_section=&#8221;no&#8221; text_align=&#8221;left&#8221; background_image_as_pattern=&#8221;without_pattern&#8221; z_index=&#8221;&#8221; el_class=&#8221;slider-button-shadow&#8221;][vc_column offset=&#8221;vc_col-xs-offset-12&#8243;][rev_slider_vc alias=&#8221;home-slider&#8221;][\/vc_column][\/vc_row][vc_row css_animation=&#8221;&#8221; row_type=&#8221;row&#8221; use_row_as_full_screen_section=&#8221;no&#8221; type=&#8221;grid&#8221; angled_section=&#8221;no&#8221; text_align=&#8221;center&#8221; background_image_as_pattern=&#8221;without_pattern&#8221; padding_top=&#8221;96&#8243; padding_bottom=&#8221;93&#8243; z_index=&#8221;&#8221;][vc_column][vc_column_text]<\/p>\n<h2 style=\"text-align: center;\">MISION<\/h2>\n<p>[\/vc_column_text][vc_column_text]<\/p>\n<h4 style=\"text-align: JUSTIFY;\">Somos una Instituci\u00f3n Educativa T\u00e9cnica-Comercial, de car\u00e1cter oficial que con la implementaci\u00f3n de la Jornada \u00danica, brinda una formaci\u00f3n integral con \u00e9nfasis en el desarrollo de valores \u00e9ticos, morales y cristianos a ni\u00f1as y j\u00f3venes, a trav\u00e9s de un servicio educativo de calidad fundamentado en el desarrollo de Competencias<\/h4>\n<p>[\/vc_column_text][\/vc_column][\/vc_row][vc_row css_animation=&#8221;&#8221; row_type=&#8221;row&#8221; use_row_as_full_screen_section=&#8221;no&#8221; type=&#8221;full_width&#8221; angled_section=&#8221;no&#8221; text_align=&#8221;left&#8221; background_image_as_pattern=&#8221;without_pattern&#8221;][vc_column][\/vc_column][\/vc_row]<\/p>\n","protected":false},"excerpt":{"rendered":"<p>[vc_row css_animation=&#8221;&#8221; row_type=&#8221;row&#8221; use_row_as_full_screen_section=&#8221;no&#8221; type=&#8221;full_width&#8221; angled_section=&#8221;no&#8221; text_align=&#8221;left&#8221; background_image_as_pattern=&#8221;without_pattern&#8221; z_index=&#8221;&#8221; el_class=&#8221;slider-button-shadow&#8221;][vc_column offset=&#8221;vc_col-xs-offset-12&#8243;][rev_slider_vc alias=&#8221;home-slider&#8221;][\/vc_column][\/vc_row][vc_row css_animation=&#8221;&#8221; row_type=&#8221;row&#8221; use_row_as_full_screen_section=&#8221;no&#8221; type=&#8221;grid&#8221; angled_section=&#8221;no&#8221; text_align=&#8221;center&#8221; background_image_as_pattern=&#8221;without_pattern&#8221; padding_top=&#8221;96&#8243; padding_bottom=&#8221;93&#8243; z_index=&#8221;&#8221;][vc_column][vc_column_text] MISION [\/vc_column_text][vc_column_text] Somos una Instituci\u00f3n Educativa T\u00e9cnica-Comercial, de car\u00e1cter oficial que con la implementaci\u00f3n de la Jornada \u00danica, brinda una formaci\u00f3n integral con&#8230;<\/p>\n","protected":false},"author":1,"featured_media":0,"parent":0,"menu_order":0,"comment_status":"closed","ping_status":"closed","template":"full_width.php","meta":{"footnotes":""},"class_list":["post-472","page","type-page","status-publish","hentry"],"_links":{"self":[{"href":"https:\/\/iedmariainmaculada.edu.co\/index.php?rest_route=\/wp\/v2\/pages\/472","targetHints":{"allow":["GET"]}}],"collection":[{"href":"https:\/\/iedmariainmaculada.edu.co\/index.php?rest_route=\/wp\/v2\/pages"}],"about":[{"href":"https:\/\/iedmariainmaculada.edu.co\/index.php?rest_route=\/wp\/v2\/types\/page"}],"author":[{"embeddable":true,"href":"https:\/\/iedmariainmaculada.edu.co\/index.php?rest_route=\/wp\/v2\/users\/1"}],"replies":[{"embeddable":true,"href":"https:\/\/iedmariainmaculada.edu.co\/index.php?rest_route=%2Fwp%2Fv2%2Fcomments&post=472"}],"version-history":[{"count":13,"href":"https:\/\/iedmariainmaculada.edu.co\/index.php?rest_route=\/wp\/v2\/pages\/472\/revisions"}],"predecessor-version":[{"id":486,"href":"https:\/\/iedmariainmaculada.edu.co\/index.php?rest_route=\/wp\/v2\/pages\/472\/revisions\/486"}],"wp:attachment":[{"href":"https:\/\/iedmariainmaculada.edu.co\/index.php?rest_route=%2Fwp%2Fv2%2Fmedia&parent=472"}],"curies":[{"name":"wp","href":"https:\/\/api.w.org\/{rel}","templated":true}]}}