{"id":548,"date":"2022-06-06T10:43:30","date_gmt":"2022-06-06T15:43:30","guid":{"rendered":"http:\/\/iedmariainmaculada.edu.co\/?page_id=548"},"modified":"2022-06-06T10:47:17","modified_gmt":"2022-06-06T15:47:17","slug":"nuestra-filosofia","status":"publish","type":"page","link":"https:\/\/iedmariainmaculada.edu.co\/?page_id=548","title":{"rendered":"Nuestra Filosofia"},"content":{"rendered":"<p>[vc_row css_animation=&#8221;&#8221; row_type=&#8221;row&#8221; use_row_as_full_screen_section=&#8221;no&#8221; type=&#8221;full_width&#8221; angled_section=&#8221;no&#8221; text_align=&#8221;left&#8221; background_image_as_pattern=&#8221;without_pattern&#8221; z_index=&#8221;&#8221; el_class=&#8221;slider-button-shadow&#8221;][vc_column offset=&#8221;vc_col-xs-offset-12&#8243;][rev_slider_vc alias=&#8221;home-slider&#8221;][\/vc_column][\/vc_row][vc_row css_animation=&#8221;&#8221; row_type=&#8221;row&#8221; use_row_as_full_screen_section=&#8221;no&#8221; type=&#8221;grid&#8221; angled_section=&#8221;no&#8221; text_align=&#8221;center&#8221; background_image_as_pattern=&#8221;without_pattern&#8221; padding_top=&#8221;96&#8243; padding_bottom=&#8221;93&#8243; z_index=&#8221;&#8221;][vc_column][vc_column_text]<\/p>\n<h2 style=\"text-align: center;\">Filosofia<\/h2>\n<p>[\/vc_column_text][vc_column_text]<\/p>\n<p style=\"text-align: JUSTIFY;\">La filosof\u00eda propuesta en la Instituci\u00f3n Educativa Distrital Mar\u00eda Inmaculada pretende, a partir de la reflexi\u00f3n formar personas integrales; cr\u00edticas de la realidad existente; respetuosas de las normas constitucionales y legales; conscientes de la necesidad de favorecer la convivencia social y el clima propicio para desarrollar valores de Respeto, Responsabilidad, tolerancia, honestidad y solidaridad entre otros, en bien de nuestra sociedad, desde una perspectiva human\u00edstica cristiana.<\/p>\n<p>[\/vc_column_text][\/vc_column][\/vc_row][vc_row css_animation=&#8221;&#8221; row_type=&#8221;row&#8221; use_row_as_full_screen_section=&#8221;no&#8221; type=&#8221;full_width&#8221; angled_section=&#8221;no&#8221; text_align=&#8221;left&#8221; background_image_as_pattern=&#8221;without_pattern&#8221;][vc_column][\/vc_column][\/vc_row]<\/p>\n","protected":false},"excerpt":{"rendered":"<p>[vc_row css_animation=&#8221;&#8221; row_type=&#8221;row&#8221; use_row_as_full_screen_section=&#8221;no&#8221; type=&#8221;full_width&#8221; angled_section=&#8221;no&#8221; text_align=&#8221;left&#8221; background_image_as_pattern=&#8221;without_pattern&#8221; z_index=&#8221;&#8221; el_class=&#8221;slider-button-shadow&#8221;][vc_column offset=&#8221;vc_col-xs-offset-12&#8243;][rev_slider_vc alias=&#8221;home-slider&#8221;][\/vc_column][\/vc_row][vc_row css_animation=&#8221;&#8221; row_type=&#8221;row&#8221; use_row_as_full_screen_section=&#8221;no&#8221; type=&#8221;grid&#8221; angled_section=&#8221;no&#8221; text_align=&#8221;center&#8221; background_image_as_pattern=&#8221;without_pattern&#8221; padding_top=&#8221;96&#8243; padding_bottom=&#8221;93&#8243; z_index=&#8221;&#8221;][vc_column][vc_column_text] Filosofia [\/vc_column_text][vc_column_text] La filosof\u00eda propuesta en la Instituci\u00f3n Educativa Distrital Mar\u00eda Inmaculada pretende, a partir de la reflexi\u00f3n formar personas integrales; cr\u00edticas de&#8230;<\/p>\n","protected":false},"author":1,"featured_media":0,"parent":0,"menu_order":0,"comment_status":"closed","ping_status":"closed","template":"full_width.php","meta":{"footnotes":""},"class_list":["post-548","page","type-page","status-publish","hentry"],"_links":{"self":[{"href":"https:\/\/iedmariainmaculada.edu.co\/index.php?rest_route=\/wp\/v2\/pages\/548","targetHints":{"allow":["GET"]}}],"collection":[{"href":"https:\/\/iedmariainmaculada.edu.co\/index.php?rest_route=\/wp\/v2\/pages"}],"about":[{"href":"https:\/\/iedmariainmaculada.edu.co\/index.php?rest_route=\/wp\/v2\/types\/page"}],"author":[{"embeddable":true,"href":"https:\/\/iedmariainmaculada.edu.co\/index.php?rest_route=\/wp\/v2\/users\/1"}],"replies":[{"embeddable":true,"href":"https:\/\/iedmariainmaculada.edu.co\/index.php?rest_route=%2Fwp%2Fv2%2Fcomments&post=548"}],"version-history":[{"count":4,"href":"https:\/\/iedmariainmaculada.edu.co\/index.php?rest_route=\/wp\/v2\/pages\/548\/revisions"}],"predecessor-version":[{"id":553,"href":"https:\/\/iedmariainmaculada.edu.co\/index.php?rest_route=\/wp\/v2\/pages\/548\/revisions\/553"}],"wp:attachment":[{"href":"https:\/\/iedmariainmaculada.edu.co\/index.php?rest_route=%2Fwp%2Fv2%2Fmedia&parent=548"}],"curies":[{"name":"wp","href":"https:\/\/api.w.org\/{rel}","templated":true}]}}